{"id":3368,"date":"2024-06-13T13:29:01","date_gmt":"2024-06-13T13:29:01","guid":{"rendered":"https:\/\/dusens.group\/?page_id=3368"},"modified":"2024-06-25T15:18:35","modified_gmt":"2024-06-25T15:18:35","slug":"donnees-personnelles","status":"publish","type":"page","link":"https:\/\/dusens.group\/fr\/donnees-personnelles\/","title":{"rendered":"Donn\u00e9es personnelles"},"content":{"rendered":"\n\n<div id=\"wysiwyg-block_4c74536454fc42353d232f7595e7563e\" class=\"teq-container    \" >\n    <div class=\"teq-grid\">\n        <div class=\"col-span-6 md:col-span-12 lg:col-span-16 lg:col-start-5 teq-wysiwyg \">\n            <h1>Donn\u00e9es personnelles<\/h1>\n<p>&nbsp;<\/p>\n<p>Notre politique vie priv\u00e9e d\u00e9crit comment et pourquoi nous traitons vos donn\u00e9es personnelles et vous fournit des informations sur vos droits.<\/p>\n<p>La Politique s\u2019applique uniquement aux donn\u00e9es personnelles collect\u00e9es via notre site web\u00a0<a href=\"http:\/\/www.dusens.group\/\">www.dusens.group<\/a>.<\/p>\n<p><strong>Qui est le responsable de traitement de vos donn\u00e9es personnelles\u00a0?<\/strong><\/p>\n<p>Le responsable de traitement est la soci\u00e9t\u00e9 Dusens, SAS au capital social de de 113 120,00\u20ac, ayant son si\u00e8ge social au 6 place Garibaldi, 06300 Nice et immatricul\u00e9e au Registre du Commerce et des Soci\u00e9t\u00e9s de Nice sous le num\u00e9ro B 351 066 592.<\/p>\n<p>Adresse email\u00a0:\u00a0<a href=\"mailto:dpo@dusens.group\">dpo@dusens.group<\/a><\/p>\n<p>Num\u00e9ro de t\u00e9l\u00e9phone\u00a0: 04 92\u00a000\u00a080 30<\/p>\n<p>Dusens s\u2019assure que ses traitements de donn\u00e9es \u00e0 caract\u00e8re personnel sont licites, justifi\u00e9s par une base l\u00e9gale valide et que les donn\u00e9es sont conserv\u00e9es pendant une dur\u00e9e raisonnable et n\u00e9cessaire aux op\u00e9rations pour lesquelles elles ont \u00e9t\u00e9 collect\u00e9es, dans le respect de la l\u00e9gislation en vigueur et compte tenu des d\u00e9lais de prescription.<\/p>\n<p><strong>Quelles sont vos donn\u00e9es personnelles que nous traitons\u00a0? Pour quelle finalit\u00e9\u00a0? Sur quelle base l\u00e9gale\u00a0? Pour combien de temps\u00a0?<\/strong><\/p>\n<figure class=\"wp-block-table is-style-stripes\">\n<table>\n<tbody>\n<tr>\n<td><strong>Types de donn\u00e9es<\/strong><\/td>\n<td><strong>Finalit\u00e9s<\/strong><\/td>\n<td><strong>Bases l\u00e9gales<\/strong><\/td>\n<td><strong>Dur\u00e9es de conservation maximale<\/strong><\/td>\n<\/tr>\n<tr>\n<td>Adresse mail<\/td>\n<td>Envoyer notre newsletter<\/td>\n<td>Consentement<\/td>\n<td>Jusqu\u2019au d\u00e9sabonnement \/ 3 ans \u00e0 compter de la derni\u00e8re marque d\u2019int\u00e9r\u00eat<\/td>\n<\/tr>\n<tr>\n<td>Nom, pr\u00e9nom, adresse mail, zone de texte libre<\/td>\n<td>Vous r\u00e9pondre lorsque vous nous contactez via le formulaire de contact afin de poser une question<\/td>\n<td>Consentement<\/td>\n<td>Le temps de vous r\u00e9pondre<\/td>\n<\/tr>\n<tr>\n<td>Nom, pr\u00e9nom, adresse mail, zone de texte libre, pi\u00e8ce jointe<\/td>\n<td>Prendre en charge votre candidature<\/td>\n<td>Pr\u00e9contractuelle<\/td>\n<td>2 ans \u00e0 compter du dernier \u00e9change<\/td>\n<\/tr>\n<tr>\n<td>Nom, pr\u00e9nom, adresse mail, zone de texte libre, pi\u00e8ce jointe<\/td>\n<td>Traiter votre demande d\u2019accompagnement<\/td>\n<td>Pr\u00e9contractuelle<\/td>\n<td>Le temps n\u00e9cessaire au traitement de votre demande<\/td>\n<\/tr>\n<tr>\n<td>Nom, pr\u00e9nom, adresse postale Donn\u00e9es concernant la demande et la r\u00e9ponse apport\u00e9es Copie d\u2019un titre d\u2019identit\u00e9 exclusivement en cas de doute<\/td>\n<td>Gestion des demandes d\u2019acc\u00e8s, de rectification, d\u2019opposition et de vos autres droits en vertu du R\u00e8glement europ\u00e9en<\/td>\n<td>Obligation l\u00e9gale<\/td>\n<td>Le temps n\u00e9cessaire au traitement de la demande Copie du titre d\u2019identit\u00e9\u00a0: suppression apr\u00e8s v\u00e9rification de l\u2019identit\u00e9 du demandeur<\/td>\n<\/tr>\n<\/tbody>\n<\/table>\n<\/figure>\n<p><strong><em>S\u2019agissant des Cookies<\/em><\/strong><\/p>\n<p>Le site utilise des cookies. Lors de vos visites des cookies utilitaires, uniquement d\u00e9di\u00e9s au bon fonctionnement du site internet peuvent s&rsquo;installer automatiquement sur votre logiciel de navigation. Certains cookies sont n\u00e9cessaires et doivent toujours \u00eatre actifs pour assurer le bon fonctionnement de notre site.<\/p>\n<p>Les autres cookies (personnalisation, mesure d\u2019audience, publicit\u00e9, etc.) ne sont d\u00e9pos\u00e9s qu\u2019apr\u00e8s avoir obtenu votre consentement sp\u00e9cifique. Refuser ces cookies peut avoir des incidences sur votre navigation sur notre site et la mani\u00e8re dont nous interagissons avec vous.<\/p>\n<p>Qu\u2019est-ce qu\u2019un cookie\u00a0?<\/p>\n<p>Un cookie est un petit fichier texte plac\u00e9 sur votre ordinateur, smartphone, tablette ou autre appareil lorsque vous visitez un site web.<\/p>\n<p>Le cookie nous aide \u00e0 reconna\u00eetre votre appareil la prochaine fois que vous visiterez notre site web. Il existe d\u2019autres technologies similaires telles que les balises pixel (images graphiques transparentes plac\u00e9es sur une page web ou dans un courrier \u00e9lectronique, qui indiquent qu\u2019une page ou un courrier \u00e9lectronique a \u00e9t\u00e9 affich\u00e9), les web bugs (similaires aux balises pixel), et le stockage web, qui sont utilis\u00e9es dans les logiciels de bureau ou les appareils mobiles. Il existe \u00e9galement des technologies telles que les identifiants d\u2019appareils mobiles et les int\u00e9grations SDK pour aider les entreprises \u00e0 reconna\u00eetre votre appareil lorsque vous revenez dans une app ou que vous utilisez autrement un service.<\/p>\n<p>Quels sont les cookies pr\u00e9sents sur nos sites ?<\/p>\n<p>Nous n\u2019utilisons pas de cookies qui stockent des donn\u00e9es personnelles sensibles.<\/p>\n<p>Pour savoir quels cookies sont pr\u00e9sents sur notre site et pour modifier \u00e0 tout moment vos pr\u00e9f\u00e9rences, nous vous invitons \u00e0 vous rendre sur la page \u201cPersonnaliser les Cookies\u201d au bas de chaque page du site ou via le lien suivant\u00a0: ins\u00e9rer le lien vers la page de personnalisation des cookies.<\/p>\n<p><strong><em><u>Cookies tiers\u00a0:<\/u><\/em><\/strong><\/p>\n<p>Notre site contient des applications informatiques \u00e9manant de tiers, \u00e0 savoir Facebook, LinkedIn, Twitter et Instagram, qui vous permettent de partager des contenus de notre site avec d&rsquo;autres personnes ou de faire conna\u00eetre \u00e0 ces autres personnes votre consultation ou votre opinion concernant un contenu de notre site (par exemple via les boutons \u00ab\u00a0Partager\u00a0\u00bb, \u00ab\u00a0J&rsquo;aime\u00a0\u00bb, issus de r\u00e9seaux sociaux)<\/p>\n<p>Un tel bouton applicatif peut permettre au r\u00e9seau social concern\u00e9 de vous identifier, m\u00eame si vous n&rsquo;avez pas utilis\u00e9 ce bouton lors de votre consultation de notre site, de suivre votre navigation sur notre site, du seul fait que votre compte au r\u00e9seau social concern\u00e9 \u00e9tait activ\u00e9 sur votre terminal (session ouverte) durant votre navigation sur notre site.<\/p>\n<p>Lorsque vous quittez notre site web, nous n&rsquo;avons aucun contr\u00f4le sur le processus employ\u00e9 par les r\u00e9seaux sociaux pour collecter des informations relatives \u00e0 votre navigation et nous vous invitons \u00e0 consulter leurs politiques de protection de la vie priv\u00e9e pour prendre connaissance des finalit\u00e9s d&rsquo;utilisation, notamment publicitaires, des informations de navigation qu&rsquo;ils peuvent recueillir lorsque vous vous rendez sur leurs plateformes. Ces politiques de protection doivent notamment vous permettre d&rsquo;exercer vos choix et droits aupr\u00e8s de ces r\u00e9seaux sociaux, notamment en param\u00e9trant vos comptes d&rsquo;utilisation de chacun de ces r\u00e9seaux.<\/p>\n<p><a>Lien des diff\u00e9rents politiques de confidentialit\u00e9\u00a0:<\/a><\/p>\n<ul>\n<li><a href=\"https:\/\/fr-fr.facebook.com\/privacy\/explanation\">https:\/\/fr-fr.facebook.com\/privacy\/explanation<\/a><\/li>\n<li><a href=\"https:\/\/help.instagram.com\/519522125107875\">https:\/\/help.instagram.com\/519522125107875<\/a><\/li>\n<li><a href=\"https:\/\/policies.google.com\/privacy?hl=fr-CA\">https:\/\/policies.google.com\/privacy?hl=fr-CA<\/a><\/li>\n<li><a href=\"https:\/\/twitter.com\/fr\/privacy\">https:\/\/twitter.com\/fr\/privacy<\/a><\/li>\n<li><a href=\"https:\/\/www.linkedin.com\/legal\/privacy-policy\">https:\/\/www.linkedin.com\/legal\/privacy-policy<\/a>?<\/li>\n<\/ul>\n<p><strong>Effectuons-nous un profilage avec vos donn\u00e9es personnelles\u00a0?<\/strong><\/p>\n<p>Non, Dusens ne prend pas de d\u00e9cision automatis\u00e9e, y compris un profilage, sur la base de vos donn\u00e9es personnelles.<\/p>\n<p><strong>Quels sont vos droits et comment vous pouvez les exercer\u00a0?<\/strong><\/p>\n<p>D\u00e8s lors que le traitement repose sur votre consentement, vous pouvez le retirer \u00e0 tout moment, sans que cela ne porte atteinte \u00e0 la lic\u00e9it\u00e9 du traitement effectu\u00e9 avant ce retrait.<\/p>\n<p>Conform\u00e9ment au R\u00e8glement G\u00e9n\u00e9ral sur la Protection des Donn\u00e9es n\u00b02016\/679 du 27 avril 2016, vous disposez des droits\u00a0suivants :<\/p>\n<ul>\n<li>Droit d\u2019acc\u00e8s : le droit d\u2019\u00eatre inform\u00e9 et de demander l\u2019acc\u00e8s aux donn\u00e9es personnelles que nous traitons ;<\/li>\n<li>Droit de rectification : le droit de nous demander de modifier ou de mettre \u00e0 jour vos donn\u00e9es personnelles lorsqu\u2019elles sont inexactes ou incompl\u00e8tes ;<\/li>\n<li>Droit d\u2019effacement : le droit de nous demander de supprimer d\u00e9finitivement vos donn\u00e9es personnelles ;<\/li>\n<li>Droit de limitation : le droit de nous demander d\u2019arr\u00eater temporairement ou d\u00e9finitivement le traitement de tout ou partie de vos donn\u00e9es personnelles ;<\/li>\n<li>Droit d\u2019opposition : le droit de refuser \u00e0 tout moment le traitement de vos donn\u00e9es personnelles pour des raisons personnelles et le droit de refuser le traitement de vos donn\u00e9es personnelles \u00e0 des fins de marketing direct ;<\/li>\n<li>Droit \u00e0 la portabilit\u00e9 des donn\u00e9es : le droit de demander une copie de vos donn\u00e9es personnelles au format \u00e9lectronique et le droit de transmettre ces donn\u00e9es personnelles pour une utilisation par un service tiers ;<\/li>\n<li>Droit de ne pas \u00eatre soumis \u00e0 la prise de d\u00e9cision automatis\u00e9e : le droit de ne pas \u00eatre soumis \u00e0 une d\u00e9cision bas\u00e9e uniquement sur la prise de d\u00e9cision automatis\u00e9e, y compris le profilage, dans le cas o\u00f9 la d\u00e9cision aurait un effet juridique sur vous ou produirait un effet significatif similaire.<\/li>\n<li>Droit de d\u00e9finir le sort de vos donn\u00e9es post-mortem.<\/li>\n<\/ul>\n<p>Vous disposez \u00e9galement du droit d\u2019introduire une r\u00e9clamation aupr\u00e8s de la CNIL\u00a0<a href=\"https:\/\/www.cnil.fr\/\">https:\/\/www.cnil.fr\/<\/a>.<\/p>\n<p>Afin d\u2019exercer vos droits aupr\u00e8s de Dusens, vous pouvez adresser un courrier \u00e0 l\u2019adresse postale 6 place Garibaldi, 06300 Nice ou un e-mail \u00e0\u00a0<a href=\"mailto:contact@dusens.group\">contact@dusens.group<\/a><\/p>\n<p>Toute demande par courrier postal ou courriel devra porter votre signature et pr\u00e9ciser l\u2019adresse \u00e0 laquelle devra vous parvenir la r\u00e9ponse. En cas de doute la photocopie d\u2019un titre d\u2019identit\u00e9 pourra vous \u00eatre demand\u00e9e pour donner suite \u00e0 votre demande. Une r\u00e9ponse vous sera alors adress\u00e9e dans un d\u00e9lai d\u2019un mois suivant la r\u00e9ception de la demande.<\/p>\n<p><strong>Quelles sont les mesures de s\u00e9curit\u00e9 que nous avons mises en place pour prot\u00e9ger vos donn\u00e9es\u00a0personnelles ?<\/strong><\/p>\n<p>Nous sommes attentifs \u00e0 pr\u00e9server la confidentialit\u00e9 et l\u2019int\u00e9grit\u00e9 de vos donn\u00e9es.<\/p>\n<p>Nous avons mis en place des mesures de s\u00e9curit\u00e9 techniques et organisationnelles appropri\u00e9es pour prot\u00e9ger vos donn\u00e9es personnelles contre toute utilisation non autoris\u00e9e, toute perte ou destruction partielle ou totale accidentelle.<\/p>\n<p>Pour toute question \u00e0 ce sujet, nous vous remercions d\u2019adresser un courrier \u00e0 l\u2019adresse postale 6 place Garibaldi, 06300 Nice ou un e-mail \u00e0\u00a0<a href=\"mailto:contact@dusens.group\">contact@dusens.group<\/a><\/p>\n<p><strong><em>Qui d\u2019autre peut avoir acc\u00e8s \u00e0 vos donn\u00e9es personnelles\u00a0?<\/em><\/strong><\/p>\n<p>Nous transmettons des informations personnelles \u00e0 nos soci\u00e9t\u00e9s affili\u00e9es et autres soci\u00e9t\u00e9s ou personnes de confiance qui les traitent pour notre compte, selon nos instructions, conform\u00e9ment aux pr\u00e9sentes R\u00e8gles de confidentialit\u00e9 et dans le respect de toute autre mesure appropri\u00e9e de s\u00e9curit\u00e9 et de confidentialit\u00e9<\/p>\n<h2><strong>Nos sous-traitants<\/strong>\u00a0&#8211;\u00a0<strong>Motif de partage<\/strong><\/h2>\n<p>Alter Way Hosting SAS &#8211; H\u00e9bergement<br \/>\nMailchimp &#8211; Routage d\u2019e-mail<\/p>\n<p><strong><em>Vos donn\u00e9es personnelles sont-elles transf\u00e9r\u00e9es hors de l\u2019Union europ\u00e9enne\u00a0?<\/em><\/strong><\/p>\n<p>Vos donn\u00e9es personnelles peuvent \u00eatre transf\u00e9r\u00e9es et trait\u00e9es par des tiers situ\u00e9s hors de l\u2019Union Europ\u00e9enne telles que nos soci\u00e9t\u00e9s affili\u00e9es<\/p>\n<p>Dans ce cas, nous nous assurons que le transfert de vos donn\u00e9es personnelles est effectu\u00e9 conform\u00e9ment \u00e0 la loi applicable et en particulier soit que le territoire de destination a fait l\u2019objet d\u2019une d\u00e9cision d\u2019ad\u00e9quation de la commission de l\u2019Union europ\u00e9enne, soit que le destinataire a valid\u00e9 les clauses contractuelles types valid\u00e9es par la commission europ\u00e9enne et ou que des dispositions contractuelles techniques et organisationnelles adapt\u00e9es ont \u00e9t\u00e9 mises en place.<\/p>\n<p><strong><em>\u00a0OU<\/em><\/strong><\/p>\n<p>Vos donn\u00e9es ne sont pas transf\u00e9r\u00e9es en dehors de l\u2019Union Europ\u00e9enne.<\/p>\n<p>&nbsp;<\/p>\n<p><em>Date de mise \u00e0 jour : 08\/07\/2024<\/em><\/p>\n        <\/div>\n    <\/div>\n     \n<\/div>\n\n","protected":false},"excerpt":{"rendered":"","protected":false},"author":2,"featured_media":0,"parent":0,"menu_order":0,"comment_status":"closed","ping_status":"closed","template":"","meta":{"footnotes":""},"class_list":["post-3368","page","type-page","status-publish","hentry"],"acf":[],"yoast_head":"<!-- This site is optimized with the Yoast SEO plugin v23.1 - https:\/\/yoast.com\/wordpress\/plugins\/seo\/ -->\n<title>Donn\u00e9es personnelles - Dusens Group<\/title>\n<meta name=\"robots\" content=\"index, follow, max-snippet:-1, max-image-preview:large, max-video-preview:-1\" \/>\n<link rel=\"canonical\" href=\"https:\/\/dusens.group\/fr\/donnees-personnelles\/\" \/>\n<meta property=\"og:locale\" content=\"fr_FR\" \/>\n<meta property=\"og:type\" content=\"article\" \/>\n<meta property=\"og:title\" content=\"Donn\u00e9es personnelles - Dusens Group\" \/>\n<meta property=\"og:url\" content=\"https:\/\/dusens.group\/fr\/donnees-personnelles\/\" \/>\n<meta property=\"og:site_name\" content=\"Dusens Group\" \/>\n<meta property=\"article:modified_time\" content=\"2024-06-25T15:18:35+00:00\" \/>\n<meta name=\"twitter:card\" content=\"summary_large_image\" \/>\n<script type=\"application\/ld+json\" class=\"yoast-schema-graph\">{\"@context\":\"https:\/\/schema.org\",\"@graph\":[{\"@type\":\"WebPage\",\"@id\":\"https:\/\/dusens.group\/fr\/donnees-personnelles\/\",\"url\":\"https:\/\/dusens.group\/fr\/donnees-personnelles\/\",\"name\":\"Donn\u00e9es personnelles - Dusens Group\",\"isPartOf\":{\"@id\":\"https:\/\/dusens.group\/fr\/#website\"},\"datePublished\":\"2024-06-13T13:29:01+00:00\",\"dateModified\":\"2024-06-25T15:18:35+00:00\",\"breadcrumb\":{\"@id\":\"https:\/\/dusens.group\/fr\/donnees-personnelles\/#breadcrumb\"},\"inLanguage\":\"fr-FR\",\"potentialAction\":[{\"@type\":\"ReadAction\",\"target\":[\"https:\/\/dusens.group\/fr\/donnees-personnelles\/\"]}]},{\"@type\":\"BreadcrumbList\",\"@id\":\"https:\/\/dusens.group\/fr\/donnees-personnelles\/#breadcrumb\",\"itemListElement\":[{\"@type\":\"ListItem\",\"position\":1,\"name\":\"Accueil\",\"item\":\"https:\/\/dusens.group\/fr\/\"},{\"@type\":\"ListItem\",\"position\":2,\"name\":\"Donn\u00e9es personnelles\"}]},{\"@type\":\"WebSite\",\"@id\":\"https:\/\/dusens.group\/fr\/#website\",\"url\":\"https:\/\/dusens.group\/fr\/\",\"name\":\"Dusens Group\",\"description\":\"\",\"potentialAction\":[{\"@type\":\"SearchAction\",\"target\":{\"@type\":\"EntryPoint\",\"urlTemplate\":\"https:\/\/dusens.group\/fr\/?s={search_term_string}\"},\"query-input\":\"required name=search_term_string\"}],\"inLanguage\":\"fr-FR\"}]}<\/script>\n<!-- \/ Yoast SEO plugin. -->","yoast_head_json":{"title":"Donn\u00e9es personnelles - Dusens Group","robots":{"index":"index","follow":"follow","max-snippet":"max-snippet:-1","max-image-preview":"max-image-preview:large","max-video-preview":"max-video-preview:-1"},"canonical":"https:\/\/dusens.group\/fr\/donnees-personnelles\/","og_locale":"fr_FR","og_type":"article","og_title":"Donn\u00e9es personnelles - Dusens Group","og_url":"https:\/\/dusens.group\/fr\/donnees-personnelles\/","og_site_name":"Dusens Group","article_modified_time":"2024-06-25T15:18:35+00:00","twitter_card":"summary_large_image","schema":{"@context":"https:\/\/schema.org","@graph":[{"@type":"WebPage","@id":"https:\/\/dusens.group\/fr\/donnees-personnelles\/","url":"https:\/\/dusens.group\/fr\/donnees-personnelles\/","name":"Donn\u00e9es personnelles - Dusens Group","isPartOf":{"@id":"https:\/\/dusens.group\/fr\/#website"},"datePublished":"2024-06-13T13:29:01+00:00","dateModified":"2024-06-25T15:18:35+00:00","breadcrumb":{"@id":"https:\/\/dusens.group\/fr\/donnees-personnelles\/#breadcrumb"},"inLanguage":"fr-FR","potentialAction":[{"@type":"ReadAction","target":["https:\/\/dusens.group\/fr\/donnees-personnelles\/"]}]},{"@type":"BreadcrumbList","@id":"https:\/\/dusens.group\/fr\/donnees-personnelles\/#breadcrumb","itemListElement":[{"@type":"ListItem","position":1,"name":"Accueil","item":"https:\/\/dusens.group\/fr\/"},{"@type":"ListItem","position":2,"name":"Donn\u00e9es personnelles"}]},{"@type":"WebSite","@id":"https:\/\/dusens.group\/fr\/#website","url":"https:\/\/dusens.group\/fr\/","name":"Dusens Group","description":"","potentialAction":[{"@type":"SearchAction","target":{"@type":"EntryPoint","urlTemplate":"https:\/\/dusens.group\/fr\/?s={search_term_string}"},"query-input":"required name=search_term_string"}],"inLanguage":"fr-FR"}]}},"_links":{"self":[{"href":"https:\/\/dusens.group\/fr\/wp-json\/wp\/v2\/pages\/3368"}],"collection":[{"href":"https:\/\/dusens.group\/fr\/wp-json\/wp\/v2\/pages"}],"about":[{"href":"https:\/\/dusens.group\/fr\/wp-json\/wp\/v2\/types\/page"}],"author":[{"embeddable":true,"href":"https:\/\/dusens.group\/fr\/wp-json\/wp\/v2\/users\/2"}],"replies":[{"embeddable":true,"href":"https:\/\/dusens.group\/fr\/wp-json\/wp\/v2\/comments?post=3368"}],"version-history":[{"count":10,"href":"https:\/\/dusens.group\/fr\/wp-json\/wp\/v2\/pages\/3368\/revisions"}],"predecessor-version":[{"id":3384,"href":"https:\/\/dusens.group\/fr\/wp-json\/wp\/v2\/pages\/3368\/revisions\/3384"}],"wp:attachment":[{"href":"https:\/\/dusens.group\/fr\/wp-json\/wp\/v2\/media?parent=3368"}],"curies":[{"name":"wp","href":"https:\/\/api.w.org\/{rel}","templated":true}]}}